{"id":136,"date":"2023-08-25T14:31:52","date_gmt":"2023-08-25T14:31:52","guid":{"rendered":"https:\/\/jugendhandball-bretzenheim.de\/?page_id=136"},"modified":"2023-09-22T15:33:47","modified_gmt":"2023-09-22T13:33:47","slug":"mitglied-werden-2","status":"publish","type":"page","link":"https:\/\/jugendhandball-bretzenheim.de\/?page_id=136","title":{"rendered":"Mitglied werden"},"content":{"rendered":"\n<p>Werde Mitglied im Jugendf\u00f6rderverein Handball TSG Bretzenheim e.V. und unterst\u00fctze unsere Arbeit f\u00fcr die Kinder und Jugendlichen bei der TSG Bretzenheim Handball.&nbsp;Der Mitgliedsbeitrag betr\u00e4gt 30,- \u20ac j\u00e4hrlich.<\/p>\n\n\n\n<p>Das aktuelle Aufnahmeformular findest Du hier: <a rel=\"noreferrer noopener\" href=\"https:\/\/jugendhandball-bretzenheim.de\/wp-content\/uploads\/2023\/09\/Beitrittserkaerung_Jugendfoerderverein_Handball.pdf\" data-type=\"link\" data-id=\"https:\/\/jugendhandball-bretzenheim.de\/wp-content\/uploads\/2023\/09\/Beitrittserkaerung_Jugendfoerderverein_Handball.pdf\" target=\"_blank\">Beitrittserklaerung_Jugendfoerderverein_Handball.pdf<\/a><\/p>\n\n\n\n<p>\u00dcber das folgende Formular kannst Du dich auch einfach online anmelden:<\/p>\n\n\n\n<p><\/p>\n\n\n\n<div class=\"wpcf7 no-js\" id=\"wpcf7-f338-o1\" lang=\"de-DE\" dir=\"ltr\" data-wpcf7-id=\"338\">\n<div class=\"screen-reader-response\"><p role=\"status\" aria-live=\"polite\" aria-atomic=\"true\"><\/p> <ul><\/ul><\/div>\n<form action=\"\/index.php?rest_route=%2Fwp%2Fv2%2Fpages%2F136#wpcf7-f338-o1\" method=\"post\" class=\"wpcf7-form init\" aria-label=\"Kontaktformular\" novalidate=\"novalidate\" data-status=\"init\">\n<fieldset class=\"hidden-fields-container\"><input type=\"hidden\" name=\"_wpcf7\" value=\"338\" \/><input type=\"hidden\" name=\"_wpcf7_version\" value=\"6.1.5\" \/><input type=\"hidden\" name=\"_wpcf7_locale\" value=\"de_DE\" \/><input type=\"hidden\" name=\"_wpcf7_unit_tag\" value=\"wpcf7-f338-o1\" \/><input type=\"hidden\" name=\"_wpcf7_container_post\" value=\"0\" \/><input type=\"hidden\" name=\"_wpcf7_posted_data_hash\" value=\"\" \/><input type=\"hidden\" name=\"_wpcf7_recaptcha_response\" value=\"\" \/>\n<\/fieldset>\n<p><b>1. Pers\u00f6nliche Daten:<\/b>\n<\/p>\n<p>Vorname*: <span class=\"wpcf7-form-control-wrap\" data-name=\"Vorname\"><input size=\"40\" maxlength=\"400\" class=\"wpcf7-form-control wpcf7-text wpcf7-validates-as-required\" aria-required=\"true\" aria-invalid=\"false\" value=\"\" type=\"text\" name=\"Vorname\" \/><\/span>\n<\/p>\n<p>Nachname*: <span class=\"wpcf7-form-control-wrap\" data-name=\"Nachname\"><input size=\"40\" maxlength=\"400\" class=\"wpcf7-form-control wpcf7-text wpcf7-validates-as-required\" aria-required=\"true\" aria-invalid=\"false\" value=\"\" type=\"text\" name=\"Nachname\" \/><\/span>\n<\/p>\n<p>Strasse + Hausnummer*: <span class=\"wpcf7-form-control-wrap\" data-name=\"Strasse\"><input size=\"40\" maxlength=\"400\" class=\"wpcf7-form-control wpcf7-text wpcf7-validates-as-required\" aria-required=\"true\" aria-invalid=\"false\" value=\"\" type=\"text\" name=\"Strasse\" \/><\/span>\n<\/p>\n<p>PLZ*: <span class=\"wpcf7-form-control-wrap\" data-name=\"PLZ\"><input class=\"wpcf7-form-control wpcf7-number wpcf7-validates-as-required wpcf7-validates-as-number\" aria-required=\"true\" aria-invalid=\"false\" value=\"\" type=\"number\" name=\"PLZ\" \/><\/span>\n<\/p>\n<p>Ort*: <span class=\"wpcf7-form-control-wrap\" data-name=\"Ort\"><input size=\"40\" maxlength=\"400\" class=\"wpcf7-form-control wpcf7-text wpcf7-validates-as-required\" aria-required=\"true\" aria-invalid=\"false\" value=\"\" type=\"text\" name=\"Ort\" \/><\/span>\n<\/p>\n<p>Geburtsdatum*: <span class=\"wpcf7-form-control-wrap\" data-name=\"Geburtsdatum\"><input class=\"wpcf7-form-control wpcf7-date wpcf7-validates-as-required wpcf7-validates-as-date\" aria-required=\"true\" aria-invalid=\"false\" value=\"\" type=\"date\" name=\"Geburtsdatum\" \/><\/span>\n<\/p>\n<p>Ich bin Fan von (Jugend + Jahrgang): <span class=\"wpcf7-form-control-wrap\" data-name=\"Fan\"><select class=\"wpcf7-form-control wpcf7-select\" aria-invalid=\"false\" name=\"Fan\"><option value=\"\">&#8211; Bitte ausw\u00e4hlen &#8211;<\/option><option value=\"weibliche Jugend\">weibliche Jugend<\/option><option value=\"m\u00e4nnliche Jugend\">m\u00e4nnliche Jugend<\/option><\/select><\/span><span class=\"wpcf7-form-control-wrap\" data-name=\"Jahrgang\"><input class=\"wpcf7-form-control wpcf7-number wpcf7-validates-as-number\" aria-invalid=\"false\" value=\"\" type=\"number\" name=\"Jahrgang\" \/><\/span>\n<\/p>\n<p>Telefon: <span class=\"wpcf7-form-control-wrap\" data-name=\"Telefon\"><input class=\"wpcf7-form-control wpcf7-number wpcf7-validates-as-number\" aria-invalid=\"false\" value=\"\" type=\"number\" name=\"Telefon\" \/><\/span>\n<\/p>\n<p>eMail*:<span class=\"wpcf7-form-control-wrap\" data-name=\"eMail\"><input size=\"40\" maxlength=\"400\" class=\"wpcf7-form-control wpcf7-email wpcf7-validates-as-required wpcf7-text wpcf7-validates-as-email\" aria-required=\"true\" aria-invalid=\"false\" value=\"\" type=\"email\" name=\"eMail\" \/><\/span><br \/>\neMail best\u00e4tigen*: <span class=\"wpcf7-form-control-wrap confirm_email-186\"><input size=\"40\" class=\"wpcf7-form-control wpcf7-confirm_email wpcf7-validates-as-required wpcf7-validates-as-confirm_email\" aria-required=\"true\" aria-invalid=\"false\" value=\"\" type=\"confirm_email\" name=\"confirm_email-186\" \/><\/span>\n<\/p>\n<p><b>2. Bankverbindung:<\/b>\n<\/p>\n<p>Erm\u00e4chtigung zum Einzug des Mitgliedsbeitrages (<b>30,00 EUR pro Jahr<\/b>) und optionaler regelm\u00e4\u00dfiger Spenden mittels SEPA-Lastschrift:\n<\/p>\n<p>Ich erm\u00e4chtige den Jugendf\u00f6rderverein Handball TSG Bretzenheim e.V., Zahlungen von meinem Konto mittels Lastschrift einzuziehen. Zugleich weise ich mein Kreditinstitut an, die von dem Jugendf\u00f6rderverein Handball TSG Bretzenheim e.V. auf mein Konto gezogenen Lastschriften einzul\u00f6sen. Hinweis: Ich kann innerhalb von acht Wochen, beginnend mit dem Belastungsdatum, die Erstattung des belasteten Betrages verlangen. Es gelten dabei, die mit meinem Kreditinstitut vereinbarten Bedingungen.\n<\/p>\n<p>Zuwendungsbest\u00e4tigungen (Spendenbescheinigung) d\u00fcrfen nur f\u00fcr Spenden und nicht f\u00fcr den Mitgliedsbeitrag ausgestellt werden.\n<\/p>\n<p><br \/>\nJugendf\u00f6rderverein Handball TSG Bretzenheim e.V.\n<\/p>\n<p>K\u00fcferweg 92, 55128 Mainz\n<\/p>\n<p><br \/>\nGl\u00e4ubiger-Identifikationsnummer: DE06ZZZ00002650386\n<\/p>\n<p><br \/>\nZustimmen*: <span class=\"wpcf7-form-control-wrap\" data-name=\"Sepa\"><span class=\"wpcf7-form-control wpcf7-acceptance\"><span class=\"wpcf7-list-item\"><input type=\"checkbox\" name=\"Sepa\" value=\"1\" aria-invalid=\"false\" \/><\/span><\/span><\/span>\n<\/p>\n<p>IBAN*: <span class=\"wpcf7-form-control-wrap\" data-name=\"IBAN\"><input size=\"40\" maxlength=\"400\" class=\"wpcf7-form-control wpcf7-text wpcf7-validates-as-required\" aria-required=\"true\" aria-invalid=\"false\" value=\"\" type=\"text\" name=\"IBAN\" \/><\/span>\n<\/p>\n<p>Zus\u00e4tzliche, wiederkehrende Spende*: <span class=\"wpcf7-form-control-wrap\" data-name=\"Spendenwahl\"><select class=\"wpcf7-form-control wpcf7-select wpcf7-validates-as-required\" aria-required=\"true\" aria-invalid=\"false\" name=\"Spendenwahl\"><option value=\"Nein\">Nein<\/option><option value=\"Ja\">Ja<\/option><\/select><\/span>\n<\/p>\n<p>Spendenbetrag (EURO): <span class=\"wpcf7-form-control-wrap\" data-name=\"Spendenbetrag\"><input class=\"wpcf7-form-control wpcf7-number wpcf7-validates-as-number\" aria-invalid=\"false\" value=\"0\" type=\"number\" name=\"Spendenbetrag\" \/><\/span>\n<\/p>\n<p><br \/>\nDer Spendeneinzug erfolgt nach der Anmeldung, ansonsten am 1. Mai des jeweiligen Jahres.\n<\/p>\n<p><br \/>\n<b>3. Datenverarbeitung:<\/b>\n<\/p>\n<p>Ich bin damit einverstanden, dass meine Daten vom Jugendf\u00f6rderverein Handball TSG Bretzenheim e.V. zum Zweck der Vertragserf\u00fcllung im Rahmen der Mitgliedschaft hinterlegt, verarbeitet und genutzt werden.\n<\/p>\n<p><br \/>\nIch bin darauf hingewiesen worden, dass die im Rahmen der vorstehend genannten Zwecke erhobenen personenbezogenen Daten unter Beachtung der EU-Datenschutzgrundverordnung, erhoben, verarbeitet, genutzt und \u00fcbermittelt werden. Ich wurde \u00fcber meine Rechte als Betroffener unterrichtet.\n<\/p>\n<p><br \/>\nDie Einverst\u00e4ndniserkl\u00e4rung erfolgt auf freiwilliger Basis. Ich wurde dar\u00fcber aufgekl\u00e4rt, dass ich die Einverst\u00e4ndniserkl\u00e4rung jederzeit durch schriftliche Mitteilung f\u00fcr die Zukunft widerrufen kann.\n<\/p>\n<p><br \/>\nZustimmen*: <span class=\"wpcf7-form-control-wrap\" data-name=\"Datenverarbeitung\"><span class=\"wpcf7-form-control wpcf7-acceptance\"><span class=\"wpcf7-list-item\"><input type=\"checkbox\" name=\"Datenverarbeitung\" value=\"1\" aria-invalid=\"false\" \/><\/span><\/span><\/span>\n<\/p>\n<p><input class=\"wpcf7-form-control wpcf7-submit has-spinner\" type=\"submit\" value=\"Jetzt kostenpflichtig Mitglied werden\" \/>\n<\/p>\n<div class=\"wpcf7-response-output\" aria-hidden=\"true\"><\/div>\n<\/form>\n<\/div>\n\n","protected":false},"excerpt":{"rendered":"<p>Werde Mitglied im Jugendf\u00f6rderverein Handball TSG Bretzenheim e.V. und unterst\u00fctze unsere Arbeit f\u00fcr die Kinder und Jugendlichen bei der TSG Bretzenheim Handball.&nbsp;Der Mitgliedsbeitrag betr\u00e4gt 30,- \u20ac j\u00e4hrlich. Das aktuelle Aufnahmeformular findest Du hier: Beitrittserklaerung_Jugendfoerderverein_Handball.pdf \u00dcber das folgende Formular kannst Du dich auch einfach online anmelden:<\/p>\n","protected":false},"author":1,"featured_media":0,"parent":0,"menu_order":0,"comment_status":"closed","ping_status":"closed","template":"","meta":{"_themeisle_gutenberg_block_has_review":false,"footnotes":""},"class_list":["post-136","page","type-page","status-publish","hentry"],"_links":{"self":[{"href":"https:\/\/jugendhandball-bretzenheim.de\/index.php?rest_route=\/wp\/v2\/pages\/136","targetHints":{"allow":["GET"]}}],"collection":[{"href":"https:\/\/jugendhandball-bretzenheim.de\/index.php?rest_route=\/wp\/v2\/pages"}],"about":[{"href":"https:\/\/jugendhandball-bretzenheim.de\/index.php?rest_route=\/wp\/v2\/types\/page"}],"author":[{"embeddable":true,"href":"https:\/\/jugendhandball-bretzenheim.de\/index.php?rest_route=\/wp\/v2\/users\/1"}],"replies":[{"embeddable":true,"href":"https:\/\/jugendhandball-bretzenheim.de\/index.php?rest_route=%2Fwp%2Fv2%2Fcomments&post=136"}],"version-history":[{"count":17,"href":"https:\/\/jugendhandball-bretzenheim.de\/index.php?rest_route=\/wp\/v2\/pages\/136\/revisions"}],"predecessor-version":[{"id":345,"href":"https:\/\/jugendhandball-bretzenheim.de\/index.php?rest_route=\/wp\/v2\/pages\/136\/revisions\/345"}],"wp:attachment":[{"href":"https:\/\/jugendhandball-bretzenheim.de\/index.php?rest_route=%2Fwp%2Fv2%2Fmedia&parent=136"}],"curies":[{"name":"wp","href":"https:\/\/api.w.org\/{rel}","templated":true}]}}